{"id":979,"date":"2017-02-03T11:16:55","date_gmt":"2017-02-03T10:16:55","guid":{"rendered":"http:\/\/3d22ecc6-367c-40db-8735-7b77f98169c7.budgethost.dk\/?page_id=979"},"modified":"2021-03-08T15:25:39","modified_gmt":"2021-03-08T15:25:39","slug":"cd-dvd","status":"publish","type":"page","link":"https:\/\/musiccode.dk\/da_dk\/produkter\/cd-dvd\/","title":{"rendered":"CD \/ DVD"},"content":{"rendered":"<div class=\"fusion-fullwidth fullwidth-box nonhundred-percent-fullwidth non-hundred-percent-height-scrolling\"  style='background-color: rgba(255,255,255,0);background-position: left top;background-repeat: no-repeat;padding-top:20px;padding-right:0px;padding-bottom:20px;padding-left:0px;border-top-width:0px;border-bottom-width:0px;border-color:#eaeaea;border-top-style:solid;border-bottom-style:solid;'><div class=\"fusion-builder-row fusion-row \"><div  class=\"fusion-layout-column fusion_builder_column fusion_builder_column_1_1 fusion-builder-column-1 fusion-one-full fusion-column-first fusion-column-last 1_1\"  style='margin-top:0px;margin-bottom:20px;'>\n\t\t\t\t\t<div class=\"fusion-column-wrapper\" style=\"padding: 0px 0px 0px 0px;background-position:left top;background-repeat:no-repeat;-webkit-background-size:cover;-moz-background-size:cover;-o-background-size:cover;background-size:cover;\"   data-bg-url=\"\">\n\t\t\t\t\t\t<div class=\"fusion-text\"><p>MusicCode er CD, DVD og Blu-ray produktion og replikation eksperter. Med mere end 30 \u00e5rs erfaring indenfor omr\u00e5det er holdet bag MusicCode det oplagte valg for din n\u00e6ste udgivelse, uanset om det drejer sig om en lille demo p\u00e5 100 eksemplarer eller dit fuldendte mesterv\u00e6rk der skal ud i 100,000 eksemplarer.<\/p>\n<p>Lige meget hvad dit behov er, s\u00e5 kan MusicCode levere \u2013 til super kvalitet, konkurrencedygtige priser og med den \u201cknow-how\u201d der kommer af flere \u00e5rs erfaring indenfor branchen.<\/p>\n<p>Kontakt os i dag og se hvordan vi kan hj\u00e6lpe dig og dit indhold.<\/p>\n<\/div><div class=\"fusion-clearfix\"><\/div>\n\n\t\t\t\t\t<\/div>\n\t\t\t\t<\/div><div  class=\"fusion-layout-column fusion_builder_column fusion_builder_column_1_3 fusion-builder-column-2 fusion-one-third fusion-column-first 1_3\"  style='margin-top:0px;margin-bottom:20px;width:30.6666%; margin-right: 4%;'>\n\t\t\t\t\t<div class=\"fusion-column-wrapper\" style=\"padding: 0px 0px 0px 0px;background-position:left top;background-repeat:no-repeat;-webkit-background-size:cover;-moz-background-size:cover;-o-background-size:cover;background-size:cover;\"   data-bg-url=\"\">\n\t\t\t\t\t\t<div class=\"fusion-title title fusion-title-1 fusion-title-size-one\" style=\"margin-top:0%;margin-bottom:30px;\"><h1 class=\"title-heading-left\" style=\"margin:0;\"><h4 class=\"entry-title format-icon\">Compact Disc<\/h4><\/h1><div class=\"title-sep-container\"><div class=\"title-sep sep-single sep-solid\" style=\"border-color:#eaeaea;\"><\/div><\/div><\/div><div class=\"fusion-text\"><p>Compact Disc, bedre kendt som CD\u2019en, er stadig det mest udbredte fysiske medie for at distribuere musik. Om enten du skal bruge 100 kopier af din nyeste demo eller 10,000 oplag af dit pladeselskabs seneste titel, s\u00e5 er MusicCode din perfekte partner.<\/p>\n<p>Selvom vi lever i den digitale, online verden, er CD stadig det mest udbredte medium for at distribuere indhold. Vi producerer og replikerer CD med det seneste udstyr der altid sikrer dig det optimale produkt \u2013 til en god pris.<\/p>\n<\/div><div class=\"fusion-clearfix\"><\/div>\n\n\t\t\t\t\t<\/div>\n\t\t\t\t<\/div><div  class=\"fusion-layout-column fusion_builder_column fusion_builder_column_1_3 fusion-builder-column-3 fusion-one-third 1_3\"  style='margin-top:0px;margin-bottom:20px;width:30.6666%; margin-right: 4%;'>\n\t\t\t\t\t<div class=\"fusion-column-wrapper\" style=\"padding: 0px 0px 0px 0px;background-position:left top;background-repeat:no-repeat;-webkit-background-size:cover;-moz-background-size:cover;-o-background-size:cover;background-size:cover;\"   data-bg-url=\"\">\n\t\t\t\t\t\t<div class=\"fusion-title title fusion-title-2 fusion-title-size-one\" style=\"margin-top:0%;margin-bottom:30px;\"><h1 class=\"title-heading-left\" style=\"margin:0;\"><h4 class=\"entry-title format-icon\">Digital Versatile Disc (DVD)<\/h4><\/h1><div class=\"title-sep-container\"><div class=\"title-sep sep-single sep-solid\" style=\"border-color:#eaeaea;\"><\/div><\/div><\/div><div class=\"fusion-text\"><p>DVD\u2019er bruges hovedsageligt til at lagre film, da de har en meget st\u00f8rre kapacitet end CD\u2019er. Men DVD\u2019er bruges ogs\u00e5 til andet multimedia.<\/p>\n<p>DVD er stadig verdens mest udbredte fysiske medieplatform og indt\u00e6gtskilde for distribution og kapitalisering p\u00e5 film og filmrettigheder.<\/p>\n<p>MusicCode producerer, replikerer og kopierer DVD i alle oplag fra de helt sm\u00e5 til flere tusind<\/p>\n<\/div><div class=\"fusion-clearfix\"><\/div>\n\n\t\t\t\t\t<\/div>\n\t\t\t\t<\/div><div  class=\"fusion-layout-column fusion_builder_column fusion_builder_column_1_3 fusion-builder-column-4 fusion-one-third fusion-column-last 1_3\"  style='margin-top:0px;margin-bottom:20px;width:30.6666%'>\n\t\t\t\t\t<div class=\"fusion-column-wrapper\" style=\"padding: 0px 0px 0px 0px;background-position:left top;background-repeat:no-repeat;-webkit-background-size:cover;-moz-background-size:cover;-o-background-size:cover;background-size:cover;\"   data-bg-url=\"\">\n\t\t\t\t\t\t<div class=\"fusion-title title fusion-title-3 fusion-title-size-one\" style=\"margin-top:0%;margin-bottom:30px;\"><h1 class=\"title-heading-left\" style=\"margin:0;\"><h4 class=\"entry-title format-icon\">CD \/ DVD Replikation<\/h4><\/h1><div class=\"title-sep-container\"><div class=\"title-sep sep-single sep-solid\" style=\"border-color:#eaeaea;\"><\/div><\/div><\/div><div class=\"fusion-text\"><p>MusicCode har mange \u00e5rs erfaring indenfor alle former for disc replikation.<\/p>\n<p>MusicCode har leveret l\u00f8sninger til alle store musik producenter her og i udlandet.<\/p>\n<p>Vi benytter os altid af det seneste teknologi indenfor CD, DVD og Blu-ray produktion og replikering for det optimale resultat.<\/p>\n<\/div><div class=\"fusion-clearfix\"><\/div>\n\n\t\t\t\t\t<\/div>\n\t\t\t\t<\/div><\/div><\/div>\n","protected":false},"excerpt":{"rendered":"","protected":false},"author":1,"featured_media":0,"parent":11,"menu_order":0,"comment_status":"closed","ping_status":"closed","template":"100-width.php","meta":{"footnotes":""},"class_list":["post-979","page","type-page","status-publish","hentry"],"yoast_head":"<!-- This site is optimized with the Yoast SEO plugin v24.7 - https:\/\/yoast.com\/wordpress\/plugins\/seo\/ -->\n<title>Vinyltryk LP CD Merchandise Mastering Distribution<\/title>\n<meta name=\"description\" content=\"MusicCode leverer Vinyltryk LP CD Merchandise Mastering Distribution, for musikere, plade- og musikselskaber. 40 \u00e5rs brancheerfaring lokaliseret i K\u00f8benhavn\" \/>\n<meta name=\"robots\" content=\"index, follow, max-snippet:-1, max-image-preview:large, max-video-preview:-1\" \/>\n<link rel=\"canonical\" href=\"https:\/\/musiccode.dk\/da_dk\/produkter\/cd-dvd\/\" \/>\n<meta property=\"og:locale\" content=\"da_DK\" \/>\n<meta property=\"og:type\" content=\"article\" \/>\n<meta property=\"og:title\" content=\"Vinyltryk LP CD Merchandise Mastering Distribution\" \/>\n<meta property=\"og:description\" content=\"MusicCode leverer Vinyltryk LP CD Merchandise Mastering Distribution, for musikere, plade- og musikselskaber. 40 \u00e5rs brancheerfaring lokaliseret i K\u00f8benhavn\" \/>\n<meta property=\"og:url\" content=\"https:\/\/musiccode.dk\/da_dk\/produkter\/cd-dvd\/\" \/>\n<meta property=\"og:site_name\" content=\"MusicCode\" \/>\n<meta property=\"article:publisher\" content=\"https:\/\/www.facebook.com\/musiccode.dk\/\" \/>\n<meta property=\"article:modified_time\" content=\"2021-03-08T15:25:39+00:00\" \/>\n<meta property=\"og:image\" content=\"https:\/\/musiccode.dk\/wp-content\/uploads\/2017\/02\/logo-footer.png\" \/>\n\t<meta property=\"og:image:width\" content=\"369\" \/>\n\t<meta property=\"og:image:height\" content=\"152\" \/>\n\t<meta property=\"og:image:type\" content=\"image\/png\" \/>\n<meta name=\"twitter:card\" content=\"summary_large_image\" \/>\n<meta name=\"twitter:label1\" content=\"Estimeret l\u00e6setid\" \/>\n\t<meta name=\"twitter:data1\" content=\"3 minutter\" \/>\n<script type=\"application\/ld+json\" class=\"yoast-schema-graph\">{\"@context\":\"https:\/\/schema.org\",\"@graph\":[{\"@type\":\"WebPage\",\"@id\":\"https:\/\/musiccode.dk\/da_dk\/produkter\/cd-dvd\/\",\"url\":\"https:\/\/musiccode.dk\/da_dk\/produkter\/cd-dvd\/\",\"name\":\"Vinyltryk LP CD Merchandise Mastering Distribution\",\"isPartOf\":{\"@id\":\"https:\/\/musiccode.dk\/da_dk\/#website\"},\"datePublished\":\"2017-02-03T10:16:55+00:00\",\"dateModified\":\"2021-03-08T15:25:39+00:00\",\"description\":\"MusicCode leverer Vinyltryk LP CD Merchandise Mastering Distribution, for musikere, plade- og musikselskaber. 40 \u00e5rs brancheerfaring lokaliseret i K\u00f8benhavn\",\"breadcrumb\":{\"@id\":\"https:\/\/musiccode.dk\/da_dk\/produkter\/cd-dvd\/#breadcrumb\"},\"inLanguage\":\"da-DK\",\"potentialAction\":[{\"@type\":\"ReadAction\",\"target\":[\"https:\/\/musiccode.dk\/da_dk\/produkter\/cd-dvd\/\"]}]},{\"@type\":\"BreadcrumbList\",\"@id\":\"https:\/\/musiccode.dk\/da_dk\/produkter\/cd-dvd\/#breadcrumb\",\"itemListElement\":[{\"@type\":\"ListItem\",\"position\":1,\"name\":\"Hjem\",\"item\":\"https:\/\/musiccode.dk\/da_dk\/\"},{\"@type\":\"ListItem\",\"position\":2,\"name\":\"Produkter\",\"item\":\"https:\/\/musiccode.dk\/da_dk\/produkter\/\"},{\"@type\":\"ListItem\",\"position\":3,\"name\":\"CD \/ DVD\"}]},{\"@type\":\"WebSite\",\"@id\":\"https:\/\/musiccode.dk\/da_dk\/#website\",\"url\":\"https:\/\/musiccode.dk\/da_dk\/\",\"name\":\"MusicCode\",\"description\":\"Tryk af vinyl (LP), CD og DVD\",\"publisher\":{\"@id\":\"https:\/\/musiccode.dk\/da_dk\/#organization\"},\"potentialAction\":[{\"@type\":\"SearchAction\",\"target\":{\"@type\":\"EntryPoint\",\"urlTemplate\":\"https:\/\/musiccode.dk\/da_dk\/?s={search_term_string}\"},\"query-input\":{\"@type\":\"PropertyValueSpecification\",\"valueRequired\":true,\"valueName\":\"search_term_string\"}}],\"inLanguage\":\"da-DK\"},{\"@type\":\"Organization\",\"@id\":\"https:\/\/musiccode.dk\/da_dk\/#organization\",\"name\":\"MusicCode\",\"url\":\"https:\/\/musiccode.dk\/da_dk\/\",\"logo\":{\"@type\":\"ImageObject\",\"inLanguage\":\"da-DK\",\"@id\":\"https:\/\/musiccode.dk\/da_dk\/#\/schema\/logo\/image\/\",\"url\":\"https:\/\/musiccode.dk\/wp-content\/uploads\/2017\/02\/logo-footer.png\",\"contentUrl\":\"https:\/\/musiccode.dk\/wp-content\/uploads\/2017\/02\/logo-footer.png\",\"width\":369,\"height\":152,\"caption\":\"MusicCode\"},\"image\":{\"@id\":\"https:\/\/musiccode.dk\/da_dk\/#\/schema\/logo\/image\/\"},\"sameAs\":[\"https:\/\/www.facebook.com\/musiccode.dk\/\"]}]}<\/script>\n<!-- \/ Yoast SEO plugin. -->","yoast_head_json":{"title":"Vinyltryk LP CD Merchandise Mastering Distribution","description":"MusicCode leverer Vinyltryk LP CD Merchandise Mastering Distribution, for musikere, plade- og musikselskaber. 40 \u00e5rs brancheerfaring lokaliseret i K\u00f8benhavn","robots":{"index":"index","follow":"follow","max-snippet":"max-snippet:-1","max-image-preview":"max-image-preview:large","max-video-preview":"max-video-preview:-1"},"canonical":"https:\/\/musiccode.dk\/da_dk\/produkter\/cd-dvd\/","og_locale":"da_DK","og_type":"article","og_title":"Vinyltryk LP CD Merchandise Mastering Distribution","og_description":"MusicCode leverer Vinyltryk LP CD Merchandise Mastering Distribution, for musikere, plade- og musikselskaber. 40 \u00e5rs brancheerfaring lokaliseret i K\u00f8benhavn","og_url":"https:\/\/musiccode.dk\/da_dk\/produkter\/cd-dvd\/","og_site_name":"MusicCode","article_publisher":"https:\/\/www.facebook.com\/musiccode.dk\/","article_modified_time":"2021-03-08T15:25:39+00:00","og_image":[{"width":369,"height":152,"url":"https:\/\/musiccode.dk\/wp-content\/uploads\/2017\/02\/logo-footer.png","type":"image\/png"}],"twitter_card":"summary_large_image","twitter_misc":{"Estimeret l\u00e6setid":"3 minutter"},"schema":{"@context":"https:\/\/schema.org","@graph":[{"@type":"WebPage","@id":"https:\/\/musiccode.dk\/da_dk\/produkter\/cd-dvd\/","url":"https:\/\/musiccode.dk\/da_dk\/produkter\/cd-dvd\/","name":"Vinyltryk LP CD Merchandise Mastering Distribution","isPartOf":{"@id":"https:\/\/musiccode.dk\/da_dk\/#website"},"datePublished":"2017-02-03T10:16:55+00:00","dateModified":"2021-03-08T15:25:39+00:00","description":"MusicCode leverer Vinyltryk LP CD Merchandise Mastering Distribution, for musikere, plade- og musikselskaber. 40 \u00e5rs brancheerfaring lokaliseret i K\u00f8benhavn","breadcrumb":{"@id":"https:\/\/musiccode.dk\/da_dk\/produkter\/cd-dvd\/#breadcrumb"},"inLanguage":"da-DK","potentialAction":[{"@type":"ReadAction","target":["https:\/\/musiccode.dk\/da_dk\/produkter\/cd-dvd\/"]}]},{"@type":"BreadcrumbList","@id":"https:\/\/musiccode.dk\/da_dk\/produkter\/cd-dvd\/#breadcrumb","itemListElement":[{"@type":"ListItem","position":1,"name":"Hjem","item":"https:\/\/musiccode.dk\/da_dk\/"},{"@type":"ListItem","position":2,"name":"Produkter","item":"https:\/\/musiccode.dk\/da_dk\/produkter\/"},{"@type":"ListItem","position":3,"name":"CD \/ DVD"}]},{"@type":"WebSite","@id":"https:\/\/musiccode.dk\/da_dk\/#website","url":"https:\/\/musiccode.dk\/da_dk\/","name":"MusicCode","description":"Tryk af vinyl (LP), CD og DVD","publisher":{"@id":"https:\/\/musiccode.dk\/da_dk\/#organization"},"potentialAction":[{"@type":"SearchAction","target":{"@type":"EntryPoint","urlTemplate":"https:\/\/musiccode.dk\/da_dk\/?s={search_term_string}"},"query-input":{"@type":"PropertyValueSpecification","valueRequired":true,"valueName":"search_term_string"}}],"inLanguage":"da-DK"},{"@type":"Organization","@id":"https:\/\/musiccode.dk\/da_dk\/#organization","name":"MusicCode","url":"https:\/\/musiccode.dk\/da_dk\/","logo":{"@type":"ImageObject","inLanguage":"da-DK","@id":"https:\/\/musiccode.dk\/da_dk\/#\/schema\/logo\/image\/","url":"https:\/\/musiccode.dk\/wp-content\/uploads\/2017\/02\/logo-footer.png","contentUrl":"https:\/\/musiccode.dk\/wp-content\/uploads\/2017\/02\/logo-footer.png","width":369,"height":152,"caption":"MusicCode"},"image":{"@id":"https:\/\/musiccode.dk\/da_dk\/#\/schema\/logo\/image\/"},"sameAs":["https:\/\/www.facebook.com\/musiccode.dk\/"]}]}},"_links":{"self":[{"href":"https:\/\/musiccode.dk\/da_dk\/wp-json\/wp\/v2\/pages\/979","targetHints":{"allow":["GET"]}}],"collection":[{"href":"https:\/\/musiccode.dk\/da_dk\/wp-json\/wp\/v2\/pages"}],"about":[{"href":"https:\/\/musiccode.dk\/da_dk\/wp-json\/wp\/v2\/types\/page"}],"author":[{"embeddable":true,"href":"https:\/\/musiccode.dk\/da_dk\/wp-json\/wp\/v2\/users\/1"}],"replies":[{"embeddable":true,"href":"https:\/\/musiccode.dk\/da_dk\/wp-json\/wp\/v2\/comments?post=979"}],"version-history":[{"count":7,"href":"https:\/\/musiccode.dk\/da_dk\/wp-json\/wp\/v2\/pages\/979\/revisions"}],"predecessor-version":[{"id":1732,"href":"https:\/\/musiccode.dk\/da_dk\/wp-json\/wp\/v2\/pages\/979\/revisions\/1732"}],"up":[{"embeddable":true,"href":"https:\/\/musiccode.dk\/da_dk\/wp-json\/wp\/v2\/pages\/11"}],"wp:attachment":[{"href":"https:\/\/musiccode.dk\/da_dk\/wp-json\/wp\/v2\/media?parent=979"}],"curies":[{"name":"wp","href":"https:\/\/api.w.org\/{rel}","templated":true}]}}