{"id":894,"date":"2017-02-03T07:49:22","date_gmt":"2017-02-03T06:49:22","guid":{"rendered":"http:\/\/3d22ecc6-367c-40db-8735-7b77f98169c7.budgethost.dk\/?page_id=894"},"modified":"2019-10-03T23:17:37","modified_gmt":"2019-10-03T21:17:37","slug":"persondata-politik","status":"publish","type":"page","link":"https:\/\/musiccode.dk\/en\/persondata-politik\/","title":{"rendered":"Privacy Policy"},"content":{"rendered":"<div class=\"fusion-fullwidth fullwidth-box nonhundred-percent-fullwidth non-hundred-percent-height-scrolling\"  style='background-color: rgba(255,255,255,0);background-position: left top;background-repeat: no-repeat;padding-top:20px;padding-right:0px;padding-bottom:20px;padding-left:0px;border-top-width:0px;border-bottom-width:0px;border-color:#eaeaea;border-top-style:solid;border-bottom-style:solid;'><div class=\"fusion-builder-row fusion-row\"><div  class=\"fusion-layout-column fusion_builder_column fusion_builder_column_1_1 fusion-builder-column-1 fusion-one-full fusion-column-first fusion-column-last 1_1\"  style='margin-top:0px;margin-bottom:20px;'>\n\t\t\t\t\t<div class=\"fusion-column-wrapper\" style=\"background-position:left top;background-repeat:no-repeat;-webkit-background-size:cover;-moz-background-size:cover;-o-background-size:cover;background-size:cover;\"   data-bg-url=\"\">\n\t\t\t\t\t\t<div class=\"fusion-text\"><h3>Privacy Policy<\/h3>\n<\/div><div class=\"fusion-text\"><h4>1. ANVENDELSE<\/h4>\n<p>1.1<br \/>\nVed at bruge MusicCode Danmark hjemmesider, inklusive men ikke begr\u00e6nset til www.musiccode.dk (herefter \u201cHjemmeside\u201d) accepterer du disse retningslinjer for behandling af personoplysninger p\u00e5 Hjemmesiden.<\/p>\n<\/div><div class=\"fusion-text\"><h4>2 Indsamling af oplysninger p\u00e5 Hjemmesiden<\/h4>\n<p>2.1<br \/>\nHjemmesiden anvender cookies. Cookies er digitale informationspakker, som Hjemmesiden lagrer p\u00e5 din harddisk. Den anvendte cookie identificerer b\u00e5de den enkelte bruger og dennes computer, og benyttes til at m\u00e5le trafikken p\u00e5 Hjemmesiden, dvs. antallet af bes\u00f8g p\u00e5 Hjemmesiden, hvilke dom\u00e6ner den bes\u00f8gende kommer fra, hvilke sider de ser p\u00e5 Hjemmesiden, og hvilket overordnede geografiske omr\u00e5de brugeren befinder sig i.<\/p>\n<p>2.2<br \/>\nI forbindelse med hvert bes\u00f8g p\u00e5 Hjemmesiden registreres den anvendte IP-adresse. Din IP-adresse er adressen p\u00e5 den computer, som du anvender til at bes\u00f8ge Hjemmesiden. IP-adressen registreres for at sikre, at Landm\u00e5lercompagniet altid kan finde tilbage til den anvendte computer, s\u00e5fremt der m\u00e5tte ske misbrug eller ulovligheder i forbindelse med bes\u00f8get p\u00e5 eller anvendelsen af Hjemmesiden.<\/p>\n<\/div><div class=\"fusion-text\"><h4>3 Videregivelse af personoplysninger<\/h4>\n<p>3.1<br \/>\nS\u00e5fremt MusicCode Danmark modtager henvendelse fra politi (eller anden lignende offentlig myndighed) eller retsv\u00e6sen om udlevering af oplysninger, vil MusicCode Danmark foretage s\u00e5dan udlevering af dine oplysninger i overensstemmelse med g\u00e6ldende lovgivning.<\/p>\n<\/div><div class=\"fusion-text\"><h4>4 Dataansvar<\/h4>\n<p>4.1<br \/>\nMusicCode Danmark er dataansvarlig i forhold til de stamdata, som du indtaster i forbindelse med brug af Hjemmesiden, samt i forhold til registreringen af din IP-adresse.<br \/>\n4.2<br \/>\nHjemmesiden kan indehold links til andre hjemmesider. V\u00e6r opm\u00e6rksom p\u00e5, at du ved at klikke p\u00e5 s\u00e5danne links bliver f\u00f8rt til en anden hjemmeside, som MusicCode Danmark ikke er ansvarlig for. Vi opfordrer dig til altid at l\u00e6se disse hjemmesiders persondata politik, da deres procedurer for indsamling og behandling af personoplysninger kan adskille sig fra MusicCode Danmarks.<\/p>\n<\/div><div class=\"fusion-text\"><h4>5 Databehandler<\/h4>\n<p>5.1<br \/>\nMusicCode Danmark anvender en ekstern virksomhed til at foretage den tekniske drift af Hjemmesiden. Denne virksomhed fungerer som databehandler i forhold til de personoplysninger, som MusicCode Danmark er dataansvarlig for.<\/p>\n<p>5.2<br \/>\nVed accept af denne persondatapolitik, accepterer du, at MusicCode Danmark ogs\u00e5 lader data, som du er dataansvarlig for, behandle af samme databehandler.<\/p>\n<p>5.3<br \/>\nDatabehandleren handler alene efter instruks fra MusicCode Danmark. Du giver ved accept af disse betingelser MusicCode Danmark fuldmagt til at give s\u00e5dan instruktion til databehandleren, som er n\u00f8dvendig for behandlingen af dataene i overensstemmelse med denne persondatapolitik og i \u00f8vrigt form\u00e5let med brugen af Hjemmesiden.<\/p>\n<p>5.4<br \/>\nDatabehandleren har truffet de forn\u00f8dne tekniske og organisatoriske sikkerhedsforanstaltninger mod, at oplysninger h\u00e6ndeligt eller ulovligt tilintetg\u00f8res, fortabes eller forringes samt mod, at de kommer til uvedkommendes kendskab, misbruges eller i \u00f8vrigt behandles i strid med lov om behandling af personoplysninger. P\u00e5 din anmodning \u2013 og mod betaling af databehandlerens til enhver tid g\u00e6ldende timetakster for s\u00e5dant arbejde \u2013 giver databehandleren dig tilstr\u00e6kkelige oplysninger til, at databehandleren kan p\u00e5vise, at de n\u00e6vnte tekniske og organisatoriske sikkerhedsforanstaltninger er truffet.<\/p>\n<\/div><div class=\"fusion-text\"><h4>6 Sikkerhedsforanstaltninger<\/h4>\n<p>6.1<br \/>\nMusicCode Danmark vil s\u00f8rge for, at de indsamlede oplysninger, inklusiv personoplysninger, behandles varsomt og beskyttes i henhold til g\u00e6ldende sikkerhedsstandarder. MusicCode Danmark unders\u00f8ger j\u00e6vnligt sine systemer for s\u00e5rbarheder og angreb, men internettet er ikke 100% sikkert, og MusicCode Danmark kan derfor ikke garantere for sikkerheden af den information, som du transmitterer til MusicCode Danmark.<\/p>\n<\/div><div class=\"fusion-text\"><h4>7 Cookies<\/h4>\n<p>Denne Hjemmeside anvender cookies, og i det f\u00f8lgende beskriver vi hvilke cookies vi anvender og til hvilke form\u00e5l.<\/p>\n<p>Ved at bruge vores Hjemmeside accepterer du, at vi anvender cookies som beskrevet i det f\u00f8lgende.<\/p>\n<p>Cookies er sm\u00e5 informationsenheder, som Hjemmesiden placerer p\u00e5 din computers hard disk, p\u00e5 din tablet, eller p\u00e5 din smart-telefon. Cookies indeholder informationer, som Hjemmesiden bruger til at effektivisere kommunikationen mellem dig og din web-browser. Cookien identificerer b\u00e5de dig som individuel bruger, samt den computer der benyttes.<\/p>\n<p>Der er to typer af cookies \u2013 midlertidige cookies og permanente cookies. Midlertidige cookies er informationsenheder, som slettes, n\u00e5r du lukker din web-browser. Permanente cookies er informationsenheder, som bliver gemt p\u00e5 din computer, indtil de bliver slettet. Permanente cookies sletter sig selv efter en vis periode, men bliver fornyet, hver gang du bes\u00f8ger Hjemmesiden.<\/p>\n<p>Hjemmesiden anvender b\u00e5de midlertidige og permanente cookies.<\/p>\n<p>7.1<br \/>\nVi bruger cookies til f\u00f8lgende:<\/p>\n<p>M\u00e5le traffikken p\u00e5 Hjemmesiden, herunder antallet af bes\u00f8g p\u00e5 Hjemmesiden, hvilke dom\u00e6ner den bes\u00f8gende kommer fra, hvilke sider de ser p\u00e5Hjemmesiden, og hvilket overordnet geografisk omr\u00e5de brugeren befinder sig i.<\/p>\n<p>7.2<br \/>\nVores Hjemmeside anvender cookies fra f\u00f8lgende tredjeparter:<\/p>\n<p>Google Analytics: til statistiske form\u00e5l. Du kan afvise cookies fra Google Analytics ved at klikke her: https:\/\/tools.google.com\/dlpage\/gaoptout<\/p>\n<p>7.3<br \/>\nHvis du \u00f8nsker at slette de cookies, tilr\u00e5der vi at du bes\u00f8ge support-siden for den p\u00e5g\u00e6ldende web-browser, og l\u00e6ser hvordan dette g\u00f8res.<\/p>\n<p>V\u00e6r opm\u00e6rksom p\u00e5, at vores Hjemmeside ikke virker fuldt ud, hvis du sletter cookies. Det samme er g\u00e6ldende skulle du v\u00e6lger at sl\u00e5 cookies fra i din web-browser.<\/p>\n<\/div><div class=\"fusion-text\"><h4>8 Henvendelser vedr\u00f8rende Hjemmesiden eller persondata politikken<\/h4>\n<p>8.1<br \/>\nHvis du har sp\u00f8rgsm\u00e5l til n\u00e6rv\u00e6rende persondata politik, vores behandling af personoplysninger, berigtigelse eller dit forhold til os i \u00f8vrigt, er du velkommen til at rette henvendelse til os p\u00e5 f\u00f8lgende adresse:<\/p>\n<p>MusicCode Danmark[VEJ] [POSTNUMMER] [BY]<\/p>\n<p>Telefon: [TELEFON] E-mail: [EMAIL]<\/p>\n<p>CVR: [CVRNUMMER]<\/p>\n<\/div><div class=\"fusion-text\"><h4>9 \u00c6NDRINGER<\/h4>\n<p>9.1<br \/>\nMusicCode Danmark kan til enhver tid og uden varsel \u00e6ndre denne persondata politik med virkning for fremtiden.<\/p>\n<\/div><div class=\"fusion-clearfix\"><\/div>\n\n\t\t\t\t\t<\/div>\n\t\t\t\t<\/div><\/div><\/div>","protected":false},"excerpt":{"rendered":"","protected":false},"author":1,"featured_media":0,"parent":0,"menu_order":0,"comment_status":"closed","ping_status":"closed","template":"","meta":{"footnotes":""},"class_list":["post-894","page","type-page","status-publish","hentry"],"yoast_head":"<!-- This site is optimized with the Yoast SEO plugin v24.7 - https:\/\/yoast.com\/wordpress\/plugins\/seo\/ -->\n<title>Vinyltryk LP CD Merchandise Mastering Distribution<\/title>\n<meta name=\"description\" content=\"MusicCode leverer Vinyltryk LP CD Merchandise Mastering Distribution, for musikere, plade- og musikselskaber. 40 \u00e5rs brancheerfaring lokaliseret i K\u00f8benhavn\" \/>\n<meta name=\"robots\" content=\"index, follow, max-snippet:-1, max-image-preview:large, max-video-preview:-1\" \/>\n<link rel=\"canonical\" href=\"https:\/\/musiccode.dk\/en\/persondata-politik\/\" \/>\n<meta property=\"og:locale\" content=\"en_GB\" \/>\n<meta property=\"og:type\" content=\"article\" \/>\n<meta property=\"og:title\" content=\"Vinyltryk LP CD Merchandise Mastering Distribution\" \/>\n<meta property=\"og:description\" content=\"MusicCode leverer Vinyltryk LP CD Merchandise Mastering Distribution, for musikere, plade- og musikselskaber. 40 \u00e5rs brancheerfaring lokaliseret i K\u00f8benhavn\" \/>\n<meta property=\"og:url\" content=\"https:\/\/musiccode.dk\/en\/persondata-politik\/\" \/>\n<meta property=\"og:site_name\" content=\"MusicCode\" \/>\n<meta property=\"article:publisher\" content=\"https:\/\/www.facebook.com\/musiccode.dk\/\" \/>\n<meta property=\"article:modified_time\" content=\"2019-10-03T21:17:37+00:00\" \/>\n<meta property=\"og:image\" content=\"https:\/\/musiccode.dk\/wp-content\/uploads\/2017\/02\/logo-footer.png\" \/>\n\t<meta property=\"og:image:width\" content=\"369\" \/>\n\t<meta property=\"og:image:height\" content=\"152\" \/>\n\t<meta property=\"og:image:type\" content=\"image\/png\" \/>\n<meta name=\"twitter:card\" content=\"summary_large_image\" \/>\n<meta name=\"twitter:label1\" content=\"Estimated reading time\" \/>\n\t<meta name=\"twitter:data1\" content=\"5 minutes\" \/>\n<script type=\"application\/ld+json\" class=\"yoast-schema-graph\">{\"@context\":\"https:\/\/schema.org\",\"@graph\":[{\"@type\":\"WebPage\",\"@id\":\"https:\/\/musiccode.dk\/da_dk\/persondata-politik\/\",\"url\":\"https:\/\/musiccode.dk\/da_dk\/persondata-politik\/\",\"name\":\"Vinyltryk LP CD Merchandise Mastering Distribution\",\"isPartOf\":{\"@id\":\"https:\/\/musiccode.dk\/da_dk\/#website\"},\"datePublished\":\"2017-02-03T06:49:22+00:00\",\"dateModified\":\"2019-10-03T21:17:37+00:00\",\"description\":\"MusicCode leverer Vinyltryk LP CD Merchandise Mastering Distribution, for musikere, plade- og musikselskaber. 40 \u00e5rs brancheerfaring lokaliseret i K\u00f8benhavn\",\"breadcrumb\":{\"@id\":\"https:\/\/musiccode.dk\/da_dk\/persondata-politik\/#breadcrumb\"},\"inLanguage\":\"en-GB\",\"potentialAction\":[{\"@type\":\"ReadAction\",\"target\":[\"https:\/\/musiccode.dk\/da_dk\/persondata-politik\/\"]}]},{\"@type\":\"BreadcrumbList\",\"@id\":\"https:\/\/musiccode.dk\/da_dk\/persondata-politik\/#breadcrumb\",\"itemListElement\":[{\"@type\":\"ListItem\",\"position\":1,\"name\":\"Hjem\",\"item\":\"https:\/\/musiccode.dk\/da_dk\/\"},{\"@type\":\"ListItem\",\"position\":2,\"name\":\"Persondata Politik\"}]},{\"@type\":\"WebSite\",\"@id\":\"https:\/\/musiccode.dk\/da_dk\/#website\",\"url\":\"https:\/\/musiccode.dk\/da_dk\/\",\"name\":\"MusicCode\",\"description\":\"Tryk af vinyl (LP), CD og DVD\",\"publisher\":{\"@id\":\"https:\/\/musiccode.dk\/da_dk\/#organization\"},\"potentialAction\":[{\"@type\":\"SearchAction\",\"target\":{\"@type\":\"EntryPoint\",\"urlTemplate\":\"https:\/\/musiccode.dk\/da_dk\/?s={search_term_string}\"},\"query-input\":{\"@type\":\"PropertyValueSpecification\",\"valueRequired\":true,\"valueName\":\"search_term_string\"}}],\"inLanguage\":\"en-GB\"},{\"@type\":\"Organization\",\"@id\":\"https:\/\/musiccode.dk\/da_dk\/#organization\",\"name\":\"MusicCode\",\"url\":\"https:\/\/musiccode.dk\/da_dk\/\",\"logo\":{\"@type\":\"ImageObject\",\"inLanguage\":\"en-GB\",\"@id\":\"https:\/\/musiccode.dk\/da_dk\/#\/schema\/logo\/image\/\",\"url\":\"https:\/\/musiccode.dk\/wp-content\/uploads\/2017\/02\/logo-footer.png\",\"contentUrl\":\"https:\/\/musiccode.dk\/wp-content\/uploads\/2017\/02\/logo-footer.png\",\"width\":369,\"height\":152,\"caption\":\"MusicCode\"},\"image\":{\"@id\":\"https:\/\/musiccode.dk\/da_dk\/#\/schema\/logo\/image\/\"},\"sameAs\":[\"https:\/\/www.facebook.com\/musiccode.dk\/\"]}]}<\/script>\n<!-- \/ Yoast SEO plugin. -->","yoast_head_json":{"title":"Vinyltryk LP CD Merchandise Mastering Distribution","description":"MusicCode leverer Vinyltryk LP CD Merchandise Mastering Distribution, for musikere, plade- og musikselskaber. 40 \u00e5rs brancheerfaring lokaliseret i K\u00f8benhavn","robots":{"index":"index","follow":"follow","max-snippet":"max-snippet:-1","max-image-preview":"max-image-preview:large","max-video-preview":"max-video-preview:-1"},"canonical":"https:\/\/musiccode.dk\/en\/persondata-politik\/","og_locale":"en_GB","og_type":"article","og_title":"Vinyltryk LP CD Merchandise Mastering Distribution","og_description":"MusicCode leverer Vinyltryk LP CD Merchandise Mastering Distribution, for musikere, plade- og musikselskaber. 40 \u00e5rs brancheerfaring lokaliseret i K\u00f8benhavn","og_url":"https:\/\/musiccode.dk\/en\/persondata-politik\/","og_site_name":"MusicCode","article_publisher":"https:\/\/www.facebook.com\/musiccode.dk\/","article_modified_time":"2019-10-03T21:17:37+00:00","og_image":[{"width":369,"height":152,"url":"https:\/\/musiccode.dk\/wp-content\/uploads\/2017\/02\/logo-footer.png","type":"image\/png"}],"twitter_card":"summary_large_image","twitter_misc":{"Estimated reading time":"5 minutes"},"schema":{"@context":"https:\/\/schema.org","@graph":[{"@type":"WebPage","@id":"https:\/\/musiccode.dk\/da_dk\/persondata-politik\/","url":"https:\/\/musiccode.dk\/da_dk\/persondata-politik\/","name":"Vinyltryk LP CD Merchandise Mastering Distribution","isPartOf":{"@id":"https:\/\/musiccode.dk\/da_dk\/#website"},"datePublished":"2017-02-03T06:49:22+00:00","dateModified":"2019-10-03T21:17:37+00:00","description":"MusicCode leverer Vinyltryk LP CD Merchandise Mastering Distribution, for musikere, plade- og musikselskaber. 40 \u00e5rs brancheerfaring lokaliseret i K\u00f8benhavn","breadcrumb":{"@id":"https:\/\/musiccode.dk\/da_dk\/persondata-politik\/#breadcrumb"},"inLanguage":"en-GB","potentialAction":[{"@type":"ReadAction","target":["https:\/\/musiccode.dk\/da_dk\/persondata-politik\/"]}]},{"@type":"BreadcrumbList","@id":"https:\/\/musiccode.dk\/da_dk\/persondata-politik\/#breadcrumb","itemListElement":[{"@type":"ListItem","position":1,"name":"Hjem","item":"https:\/\/musiccode.dk\/da_dk\/"},{"@type":"ListItem","position":2,"name":"Persondata Politik"}]},{"@type":"WebSite","@id":"https:\/\/musiccode.dk\/da_dk\/#website","url":"https:\/\/musiccode.dk\/da_dk\/","name":"MusicCode","description":"Tryk af vinyl (LP), CD og DVD","publisher":{"@id":"https:\/\/musiccode.dk\/da_dk\/#organization"},"potentialAction":[{"@type":"SearchAction","target":{"@type":"EntryPoint","urlTemplate":"https:\/\/musiccode.dk\/da_dk\/?s={search_term_string}"},"query-input":{"@type":"PropertyValueSpecification","valueRequired":true,"valueName":"search_term_string"}}],"inLanguage":"en-GB"},{"@type":"Organization","@id":"https:\/\/musiccode.dk\/da_dk\/#organization","name":"MusicCode","url":"https:\/\/musiccode.dk\/da_dk\/","logo":{"@type":"ImageObject","inLanguage":"en-GB","@id":"https:\/\/musiccode.dk\/da_dk\/#\/schema\/logo\/image\/","url":"https:\/\/musiccode.dk\/wp-content\/uploads\/2017\/02\/logo-footer.png","contentUrl":"https:\/\/musiccode.dk\/wp-content\/uploads\/2017\/02\/logo-footer.png","width":369,"height":152,"caption":"MusicCode"},"image":{"@id":"https:\/\/musiccode.dk\/da_dk\/#\/schema\/logo\/image\/"},"sameAs":["https:\/\/www.facebook.com\/musiccode.dk\/"]}]}},"_links":{"self":[{"href":"https:\/\/musiccode.dk\/en\/wp-json\/wp\/v2\/pages\/894","targetHints":{"allow":["GET"]}}],"collection":[{"href":"https:\/\/musiccode.dk\/en\/wp-json\/wp\/v2\/pages"}],"about":[{"href":"https:\/\/musiccode.dk\/en\/wp-json\/wp\/v2\/types\/page"}],"author":[{"embeddable":true,"href":"https:\/\/musiccode.dk\/en\/wp-json\/wp\/v2\/users\/1"}],"replies":[{"embeddable":true,"href":"https:\/\/musiccode.dk\/en\/wp-json\/wp\/v2\/comments?post=894"}],"version-history":[{"count":20,"href":"https:\/\/musiccode.dk\/en\/wp-json\/wp\/v2\/pages\/894\/revisions"}],"predecessor-version":[{"id":1202,"href":"https:\/\/musiccode.dk\/en\/wp-json\/wp\/v2\/pages\/894\/revisions\/1202"}],"wp:attachment":[{"href":"https:\/\/musiccode.dk\/en\/wp-json\/wp\/v2\/media?parent=894"}],"curies":[{"name":"wp","href":"https:\/\/api.w.org\/{rel}","templated":true}]}}