{"id":1111,"date":"2019-01-20T11:25:34","date_gmt":"2019-01-20T11:25:34","guid":{"rendered":"http:\/\/3d22ecc6-367c-40db-8735-7b77f98169c7.budgethost.dk\/?page_id=1111"},"modified":"2019-11-15T14:17:53","modified_gmt":"2019-11-15T13:17:53","slug":"digital-distribution","status":"publish","type":"page","link":"https:\/\/musiccode.dk\/sv\/produkter\/digital-distribution\/","title":{"rendered":"Digital Distribution"},"content":{"rendered":"<div class=\"fusion-fullwidth fullwidth-box nonhundred-percent-fullwidth non-hundred-percent-height-scrolling\"  style='background-color: rgba(255,255,255,0);background-position: left top;background-repeat: no-repeat;padding-top:20px;padding-right:0px;padding-bottom:20px;padding-left:0px;border-top-width:0px;border-bottom-width:0px;border-color:#eaeaea;border-top-style:solid;border-bottom-style:solid;'><div class=\"fusion-builder-row fusion-row\"><div  class=\"fusion-layout-column fusion_builder_column fusion_builder_column_1_1 fusion-builder-column-1 fusion-one-full fusion-column-first fusion-column-last 1_1\"  style='margin-top:0px;margin-bottom:20px;'>\n\t\t\t\t\t<div class=\"fusion-column-wrapper\" style=\"padding: 0px 0px 0px 0px;background-position:left top;background-repeat:no-repeat;-webkit-background-size:cover;-moz-background-size:cover;-o-background-size:cover;background-size:cover;\"   data-bg-url=\"\">\n\t\t\t\t\t\t<div class=\"fusion-text\"><p><strong>Digital Distribution<\/strong><\/p>\n<p>\u00c4ven om de fysiska medierna forts\u00e4tter att v\u00e4xa snabbt, \u00e4r det fortfarande med online-streamingtj\u00e4nster som du tr\u00e4ffar den st\u00f6rsta publiken. Genom v\u00e5r aff\u00e4rspartner distribuerar vi din musik till alla st\u00f6rre och viktigaste butiker, till exempel Spotify, iTunes, Apple Music, Tidal, Amazon och Youtube, f\u00f6r att n\u00e4mna dom viktigaste.<\/p>\n<p>\u00c4ven om m\u00e5nga fortfarande tror att deras musik endast \u00e4r l\u00e4mplig f\u00f6r sl\u00e4pp p\u00e5 LP eller CD, finns det m\u00e5nga f\u00f6rdelar med att ha sina kompositioner tillg\u00e4ngliga online. Till exempel blir man f\u00f6reslagit f\u00f6r lyssnare som h\u00f6r andra band i samma genre. Och m\u00e5nga anv\u00e4nder online-streamingtj\u00e4nster f\u00f6r att kolla in ett visst album innan de k\u00f6per det p\u00e5 CD eller LP. D\u00e4rf\u00f6r \u00e4r det en bra id\u00e9 att ha din musik tillg\u00e4nglig som streams<\/p>\n<p>Fil Format: 16-bit\/44.1k WAV filer<\/p>\n<\/div><div class=\"fusion-clearfix\"><\/div>\n\n\t\t\t\t\t<\/div>\n\t\t\t\t<\/div><\/div><\/div>","protected":false},"excerpt":{"rendered":"","protected":false},"author":1,"featured_media":0,"parent":11,"menu_order":0,"comment_status":"closed","ping_status":"closed","template":"100-width.php","meta":{"footnotes":""},"class_list":["post-1111","page","type-page","status-publish","hentry"],"yoast_head":"<!-- This site is optimized with the Yoast SEO plugin v24.7 - https:\/\/yoast.com\/wordpress\/plugins\/seo\/ -->\n<title>Vinyltryk LP CD Merchandise Mastering Distribution<\/title>\n<meta name=\"description\" content=\"MusicCode leverer Vinyltryk LP CD Merchandise Mastering Distribution, for musikere, plade- og musikselskaber. 40 \u00e5rs brancheerfaring lokaliseret i K\u00f8benhavn\" \/>\n<meta name=\"robots\" content=\"index, follow, max-snippet:-1, max-image-preview:large, max-video-preview:-1\" \/>\n<link rel=\"canonical\" href=\"https:\/\/musiccode.dk\/sv\/produkter\/digital-distribution\/\" \/>\n<meta property=\"og:locale\" content=\"sv_SE\" \/>\n<meta property=\"og:type\" content=\"article\" \/>\n<meta property=\"og:title\" content=\"Vinyltryk LP CD Merchandise Mastering Distribution\" \/>\n<meta property=\"og:description\" content=\"MusicCode leverer Vinyltryk LP CD Merchandise Mastering Distribution, for musikere, plade- og musikselskaber. 40 \u00e5rs brancheerfaring lokaliseret i K\u00f8benhavn\" \/>\n<meta property=\"og:url\" content=\"https:\/\/musiccode.dk\/sv\/produkter\/digital-distribution\/\" \/>\n<meta property=\"og:site_name\" content=\"MusicCode\" \/>\n<meta property=\"article:publisher\" content=\"https:\/\/www.facebook.com\/musiccode.dk\/\" \/>\n<meta property=\"article:modified_time\" content=\"2019-11-15T13:17:53+00:00\" \/>\n<meta property=\"og:image\" content=\"https:\/\/musiccode.dk\/wp-content\/uploads\/2017\/02\/logo-footer.png\" \/>\n\t<meta property=\"og:image:width\" content=\"369\" \/>\n\t<meta property=\"og:image:height\" content=\"152\" \/>\n\t<meta property=\"og:image:type\" content=\"image\/png\" \/>\n<meta name=\"twitter:card\" content=\"summary_large_image\" \/>\n<meta name=\"twitter:label1\" content=\"Ber\u00e4knad l\u00e4stid\" \/>\n\t<meta name=\"twitter:data1\" content=\"2 minuter\" \/>\n<script type=\"application\/ld+json\" class=\"yoast-schema-graph\">{\"@context\":\"https:\/\/schema.org\",\"@graph\":[{\"@type\":\"WebPage\",\"@id\":\"https:\/\/musiccode.dk\/sv\/produkter\/digital-distribution\/\",\"url\":\"https:\/\/musiccode.dk\/sv\/produkter\/digital-distribution\/\",\"name\":\"Vinyltryk LP CD Merchandise Mastering Distribution\",\"isPartOf\":{\"@id\":\"https:\/\/musiccode.dk\/da_dk\/#website\"},\"datePublished\":\"2019-01-20T11:25:34+00:00\",\"dateModified\":\"2019-11-15T13:17:53+00:00\",\"description\":\"MusicCode leverer Vinyltryk LP CD Merchandise Mastering Distribution, for musikere, plade- og musikselskaber. 40 \u00e5rs brancheerfaring lokaliseret i K\u00f8benhavn\",\"breadcrumb\":{\"@id\":\"https:\/\/musiccode.dk\/sv\/produkter\/digital-distribution\/#breadcrumb\"},\"inLanguage\":\"sv-SE\",\"potentialAction\":[{\"@type\":\"ReadAction\",\"target\":[\"https:\/\/musiccode.dk\/sv\/produkter\/digital-distribution\/\"]}]},{\"@type\":\"BreadcrumbList\",\"@id\":\"https:\/\/musiccode.dk\/sv\/produkter\/digital-distribution\/#breadcrumb\",\"itemListElement\":[{\"@type\":\"ListItem\",\"position\":1,\"name\":\"Hjem\",\"item\":\"https:\/\/musiccode.dk\/da_dk\/\"},{\"@type\":\"ListItem\",\"position\":2,\"name\":\"Produkter\",\"item\":\"https:\/\/musiccode.dk\/da_dk\/produkter\/\"},{\"@type\":\"ListItem\",\"position\":3,\"name\":\"Digital Distribution\"}]},{\"@type\":\"WebSite\",\"@id\":\"https:\/\/musiccode.dk\/da_dk\/#website\",\"url\":\"https:\/\/musiccode.dk\/da_dk\/\",\"name\":\"MusicCode\",\"description\":\"Tryk af vinyl (LP), CD og DVD\",\"publisher\":{\"@id\":\"https:\/\/musiccode.dk\/da_dk\/#organization\"},\"potentialAction\":[{\"@type\":\"SearchAction\",\"target\":{\"@type\":\"EntryPoint\",\"urlTemplate\":\"https:\/\/musiccode.dk\/da_dk\/?s={search_term_string}\"},\"query-input\":{\"@type\":\"PropertyValueSpecification\",\"valueRequired\":true,\"valueName\":\"search_term_string\"}}],\"inLanguage\":\"sv-SE\"},{\"@type\":\"Organization\",\"@id\":\"https:\/\/musiccode.dk\/da_dk\/#organization\",\"name\":\"MusicCode\",\"url\":\"https:\/\/musiccode.dk\/da_dk\/\",\"logo\":{\"@type\":\"ImageObject\",\"inLanguage\":\"sv-SE\",\"@id\":\"https:\/\/musiccode.dk\/da_dk\/#\/schema\/logo\/image\/\",\"url\":\"https:\/\/musiccode.dk\/wp-content\/uploads\/2017\/02\/logo-footer.png\",\"contentUrl\":\"https:\/\/musiccode.dk\/wp-content\/uploads\/2017\/02\/logo-footer.png\",\"width\":369,\"height\":152,\"caption\":\"MusicCode\"},\"image\":{\"@id\":\"https:\/\/musiccode.dk\/da_dk\/#\/schema\/logo\/image\/\"},\"sameAs\":[\"https:\/\/www.facebook.com\/musiccode.dk\/\"]}]}<\/script>\n<!-- \/ Yoast SEO plugin. -->","yoast_head_json":{"title":"Vinyltryk LP CD Merchandise Mastering Distribution","description":"MusicCode leverer Vinyltryk LP CD Merchandise Mastering Distribution, for musikere, plade- og musikselskaber. 40 \u00e5rs brancheerfaring lokaliseret i K\u00f8benhavn","robots":{"index":"index","follow":"follow","max-snippet":"max-snippet:-1","max-image-preview":"max-image-preview:large","max-video-preview":"max-video-preview:-1"},"canonical":"https:\/\/musiccode.dk\/sv\/produkter\/digital-distribution\/","og_locale":"sv_SE","og_type":"article","og_title":"Vinyltryk LP CD Merchandise Mastering Distribution","og_description":"MusicCode leverer Vinyltryk LP CD Merchandise Mastering Distribution, for musikere, plade- og musikselskaber. 40 \u00e5rs brancheerfaring lokaliseret i K\u00f8benhavn","og_url":"https:\/\/musiccode.dk\/sv\/produkter\/digital-distribution\/","og_site_name":"MusicCode","article_publisher":"https:\/\/www.facebook.com\/musiccode.dk\/","article_modified_time":"2019-11-15T13:17:53+00:00","og_image":[{"width":369,"height":152,"url":"https:\/\/musiccode.dk\/wp-content\/uploads\/2017\/02\/logo-footer.png","type":"image\/png"}],"twitter_card":"summary_large_image","twitter_misc":{"Ber\u00e4knad l\u00e4stid":"2 minuter"},"schema":{"@context":"https:\/\/schema.org","@graph":[{"@type":"WebPage","@id":"https:\/\/musiccode.dk\/sv\/produkter\/digital-distribution\/","url":"https:\/\/musiccode.dk\/sv\/produkter\/digital-distribution\/","name":"Vinyltryk LP CD Merchandise Mastering Distribution","isPartOf":{"@id":"https:\/\/musiccode.dk\/da_dk\/#website"},"datePublished":"2019-01-20T11:25:34+00:00","dateModified":"2019-11-15T13:17:53+00:00","description":"MusicCode leverer Vinyltryk LP CD Merchandise Mastering Distribution, for musikere, plade- og musikselskaber. 40 \u00e5rs brancheerfaring lokaliseret i K\u00f8benhavn","breadcrumb":{"@id":"https:\/\/musiccode.dk\/sv\/produkter\/digital-distribution\/#breadcrumb"},"inLanguage":"sv-SE","potentialAction":[{"@type":"ReadAction","target":["https:\/\/musiccode.dk\/sv\/produkter\/digital-distribution\/"]}]},{"@type":"BreadcrumbList","@id":"https:\/\/musiccode.dk\/sv\/produkter\/digital-distribution\/#breadcrumb","itemListElement":[{"@type":"ListItem","position":1,"name":"Hjem","item":"https:\/\/musiccode.dk\/da_dk\/"},{"@type":"ListItem","position":2,"name":"Produkter","item":"https:\/\/musiccode.dk\/da_dk\/produkter\/"},{"@type":"ListItem","position":3,"name":"Digital Distribution"}]},{"@type":"WebSite","@id":"https:\/\/musiccode.dk\/da_dk\/#website","url":"https:\/\/musiccode.dk\/da_dk\/","name":"MusicCode","description":"Tryk af vinyl (LP), CD og DVD","publisher":{"@id":"https:\/\/musiccode.dk\/da_dk\/#organization"},"potentialAction":[{"@type":"SearchAction","target":{"@type":"EntryPoint","urlTemplate":"https:\/\/musiccode.dk\/da_dk\/?s={search_term_string}"},"query-input":{"@type":"PropertyValueSpecification","valueRequired":true,"valueName":"search_term_string"}}],"inLanguage":"sv-SE"},{"@type":"Organization","@id":"https:\/\/musiccode.dk\/da_dk\/#organization","name":"MusicCode","url":"https:\/\/musiccode.dk\/da_dk\/","logo":{"@type":"ImageObject","inLanguage":"sv-SE","@id":"https:\/\/musiccode.dk\/da_dk\/#\/schema\/logo\/image\/","url":"https:\/\/musiccode.dk\/wp-content\/uploads\/2017\/02\/logo-footer.png","contentUrl":"https:\/\/musiccode.dk\/wp-content\/uploads\/2017\/02\/logo-footer.png","width":369,"height":152,"caption":"MusicCode"},"image":{"@id":"https:\/\/musiccode.dk\/da_dk\/#\/schema\/logo\/image\/"},"sameAs":["https:\/\/www.facebook.com\/musiccode.dk\/"]}]}},"_links":{"self":[{"href":"https:\/\/musiccode.dk\/sv\/wp-json\/wp\/v2\/pages\/1111","targetHints":{"allow":["GET"]}}],"collection":[{"href":"https:\/\/musiccode.dk\/sv\/wp-json\/wp\/v2\/pages"}],"about":[{"href":"https:\/\/musiccode.dk\/sv\/wp-json\/wp\/v2\/types\/page"}],"author":[{"embeddable":true,"href":"https:\/\/musiccode.dk\/sv\/wp-json\/wp\/v2\/users\/1"}],"replies":[{"embeddable":true,"href":"https:\/\/musiccode.dk\/sv\/wp-json\/wp\/v2\/comments?post=1111"}],"version-history":[{"count":5,"href":"https:\/\/musiccode.dk\/sv\/wp-json\/wp\/v2\/pages\/1111\/revisions"}],"predecessor-version":[{"id":1302,"href":"https:\/\/musiccode.dk\/sv\/wp-json\/wp\/v2\/pages\/1111\/revisions\/1302"}],"up":[{"embeddable":true,"href":"https:\/\/musiccode.dk\/sv\/wp-json\/wp\/v2\/pages\/11"}],"wp:attachment":[{"href":"https:\/\/musiccode.dk\/sv\/wp-json\/wp\/v2\/media?parent=1111"}],"curies":[{"name":"wp","href":"https:\/\/api.w.org\/{rel}","templated":true}]}}